{"id":136,"date":"2019-07-18T15:19:18","date_gmt":"2019-07-18T13:19:18","guid":{"rendered":"https:\/\/foodrisk.eu\/ticketing-registration\/"},"modified":"2026-03-18T18:00:12","modified_gmt":"2026-03-18T17:00:12","slug":"ticketing","status":"publish","type":"page","link":"https:\/\/foodrisk.eu\/en\/ticketing\/","title":{"rendered":"Ticketing"},"content":{"rendered":"<section class=\"l-section wpb_row us_custom_b7a3db55 height_small with_img\"><div class=\"l-section-img\" role=\"img\" aria-label=\"Image\" data-img-width=\"493\" data-img-height=\"349\" style=\"background-image: url(https:\/\/foodrisk.eu\/wp-content\/uploads\/2019\/09\/Se\u0301curisation.jpg);background-position: bottom left;\"><\/div><div class=\"l-section-overlay\" style=\"background:rgba(109,170,212,0.7)\"><\/div><div class=\"l-section-h i-cf\"><div class=\"g-cols vc_row via_flex valign_top type_default stacking_default\"><div class=\"vc_col-sm-12 wpb_column vc_column_container\"><div class=\"vc_column-inner us_custom_6b784548\"><div class=\"wpb_wrapper\"><h1 class=\"w-post-elm post_title us_custom_b35cdcc5 has_text_color align_center entry-title color_link_inherit\">Ticketing<\/h1><\/div><\/div><\/div><\/div><\/div><\/section><section class=\"l-section wpb_row us_custom_12fa5527 height_small\"><div class=\"l-section-h i-cf\"><div class=\"g-cols vc_row via_flex valign_top type_default stacking_default\"><div class=\"vc_col-sm-12 wpb_column vc_column_container\"><div class=\"vc_column-inner\"><div class=\"wpb_wrapper\"><div class=\"wpb_text_column us_custom_e6f4ecc7 has_text_color\"><div class=\"wpb_wrapper\"><p>Take part in the <strong>3<sup>rd<\/sup> edition<\/strong> of the <strong>FOOD Risk<\/strong> conference<\/p>\n<\/div><\/div><\/div><\/div><\/div><\/div><\/div><\/section><section class=\"l-section wpb_row us_custom_4021b619 height_medium\"><div class=\"l-section-h i-cf\"><div class=\"g-cols vc_row via_flex valign_middle type_default stacking_default\"><div class=\"vc_col-sm-6 wpb_column vc_column_container\"><div class=\"vc_column-inner us_custom_cba8d179\"><div class=\"wpb_wrapper\"><div class=\"w-slider us_custom_dad4fece style_none fit_cover nav_none has_border_radius count_8\"><div class=\"w-slider-h\"><div class=\"royalSlider\"><div class=\"rsContent\"><a class=\"rsImg\" data-rsw=\"1024\" data-rsh=\"683\" href=\"https:\/\/foodrisk.eu\/wp-content\/uploads\/2025\/11\/pass_image-01.jpg\"><span data-alt=\"\"><\/span><\/a><\/div><div class=\"rsContent\"><a class=\"rsImg\" data-rsw=\"1024\" data-rsh=\"683\" href=\"https:\/\/foodrisk.eu\/wp-content\/uploads\/2019\/07\/fooevents_conf-1024x683.jpg\"><span data-alt=\"\"><\/span><\/a><\/div><div class=\"rsContent\"><a class=\"rsImg\" data-rsw=\"1024\" data-rsh=\"683\" href=\"https:\/\/foodrisk.eu\/wp-content\/uploads\/2025\/11\/pass_image-02.jpg\"><span data-alt=\"\"><\/span><\/a><\/div><div class=\"rsContent\"><a class=\"rsImg\" data-rsw=\"1024\" data-rsh=\"683\" href=\"https:\/\/foodrisk.eu\/wp-content\/uploads\/2025\/11\/pass_image-03.jpg\"><span data-alt=\"\"><\/span><\/a><\/div><div class=\"rsContent\"><a class=\"rsImg\" data-rsw=\"1024\" data-rsh=\"682\" href=\"https:\/\/foodrisk.eu\/wp-content\/uploads\/2022\/04\/Ouverture-1024x682.jpg\"><span data-alt=\"\"><\/span><\/a><\/div><div class=\"rsContent\"><a class=\"rsImg\" data-rsw=\"900\" data-rsh=\"600\" href=\"https:\/\/foodrisk.eu\/wp-content\/uploads\/2025\/11\/apropos.jpg\"><span data-alt=\"\"><\/span><\/a><\/div><div class=\"rsContent\"><a class=\"rsImg\" data-rsw=\"1024\" data-rsh=\"595\" href=\"https:\/\/foodrisk.eu\/wp-content\/uploads\/2025\/10\/palaiscongres-1024x595.png\"><span data-alt=\"\"><\/span><\/a><\/div><div class=\"rsContent\"><a class=\"rsImg\" data-rsw=\"900\" data-rsh=\"600\" href=\"https:\/\/foodrisk.eu\/wp-content\/uploads\/2025\/10\/congres.jpg\"><span data-alt=\"\"><\/span><\/a><\/div><\/div><img decoding=\"async\" src=\"https:\/\/foodrisk.eu\/wp-content\/uploads\/2025\/11\/pass_image-01.jpg\" width=\"1024\" height=\"683\" alt loading=\"lazy\"><\/div><div class=\"w-slider-json\" onclick='return {&quot;autoScaleSlider&quot;:true,&quot;addActiveClass&quot;:true,&quot;loop&quot;:true,&quot;fadeInLoadedSlide&quot;:false,&quot;slidesSpacing&quot;:0,&quot;imageScalePadding&quot;:0,&quot;numImagesToPreload&quot;:2,&quot;arrowsNav&quot;:true,&quot;arrowsNavAutoHide&quot;:false,&quot;transitionType&quot;:&quot;move&quot;,&quot;transitionSpeed&quot;:250,&quot;block&quot;:{&quot;moveEffect&quot;:&quot;none&quot;,&quot;speed&quot;:300},&quot;thumbs&quot;:{&quot;fitInViewport&quot;:false,&quot;firstMargin&quot;:false,&quot;spacing&quot;:4},&quot;controlNavigation&quot;:&quot;none&quot;,&quot;autoScaleSliderWidth&quot;:1024,&quot;autoScaleSliderHeight&quot;:683}'><\/div><\/div><\/div><\/div><\/div><div class=\"vc_col-sm-6 wpb_column vc_column_container\"><div class=\"vc_column-inner us_custom_4843b6e2\"><div class=\"wpb_wrapper\"><div class=\"wpb_text_column us_custom_ae90df7d\"><div class=\"wpb_wrapper\"><h3 style=\"text-align: left;\"><strong><span style=\"font-size: 1.8rem;\">PASS FOOD RISK<\/span><\/strong> 2026<\/h3>\n<\/div><\/div><div class=\"w-separator hide_on_default hide_on_laptops hide_on_tablets size_custom\" style=\"height:12px\"><\/div><div class=\"w-separator hide_on_mobiles size_custom\" style=\"height:6px\"><\/div><div class=\"w-iconbox us_custom_01e33e06 has_text_color iconpos_left style_default color_secondary align_left no_text\"><div class=\"w-iconbox-icon\" style=\"font-size:1.1rem;\"><i class=\"fas fa-star\"><\/i><\/div><div class=\"w-iconbox-meta\"><p class=\"w-iconbox-title\" style=\"font-size:1.2em;\">2 days of conferences<\/p><\/div><\/div><div class=\"w-iconbox us_custom_015b44a4 has_text_color iconpos_left style_default color_secondary align_left no_text\"><div class=\"w-iconbox-icon\" style=\"font-size:1.1rem;\"><i class=\"fas fa-star\"><\/i><\/div><div class=\"w-iconbox-meta\"><p class=\"w-iconbox-title\" style=\"font-size:1em;\">Lunches (4th and 5th June)<\/p><\/div><\/div><div class=\"w-iconbox us_custom_015b44a4 has_text_color iconpos_left style_default color_secondary align_left no_text\"><div class=\"w-iconbox-icon\" style=\"font-size:1.1rem;\"><i class=\"fas fa-star\"><\/i><\/div><div class=\"w-iconbox-meta\"><p class=\"w-iconbox-title\" style=\"font-size:1em;\">Complimentary gala dinner<\/p><\/div><\/div><div class=\"w-separator hide_on_mobiles size_custom\" style=\"height:12px\"><\/div><div class=\"w-separator hide_on_default hide_on_laptops hide_on_tablets size_custom\" style=\"height:6px\"><\/div><div class=\"w-btn-wrapper align_none\"><a class=\"w-btn us-btn-style_1 us_custom_68709366\" href=\"?add-to-cart=5999\"><span class=\"w-btn-label\">BOOK MY PASS FOR 780\u20ac<\/span><\/a><\/div><div class=\"w-separator hide_on_mobiles size_custom\" style=\"height:8px\"><\/div><div class=\"w-separator hide_on_default hide_on_laptops hide_on_tablets size_custom\" style=\"height:12px\"><\/div><div class=\"wpb_text_column us_custom_3349c822\"><div class=\"wpb_wrapper\"><\/div><\/div><\/div><\/div><\/div><\/div><\/div><\/section><section class=\"l-section wpb_row us_custom_4021b619 height_medium\"><div class=\"l-section-h i-cf\"><div class=\"g-cols vc_row via_flex valign_middle type_default stacking_default\"><div class=\"vc_col-sm-6 wpb_column vc_column_container\"><div class=\"vc_column-inner us_custom_4843b6e2\"><div class=\"wpb_wrapper\"><div class=\"wpb_text_column us_custom_ae90df7d\"><div class=\"wpb_wrapper\"><h3 style=\"text-align: left;\"><strong><span style=\"font-size: 1.8rem;\">1 DAY PASS &#8211;<\/span><\/strong>\u00a02026<\/h3>\n<\/div><\/div><div class=\"w-separator hide_on_mobiles size_custom\" style=\"height:5px\"><\/div><div class=\"w-separator hide_on_default hide_on_laptops hide_on_tablets size_custom\" style=\"height:12px\"><\/div><div class=\"w-iconbox us_custom_01e33e06 has_text_color iconpos_left style_default color_secondary align_left no_text\"><div class=\"w-iconbox-icon\" style=\"font-size:1.1rem;\"><i class=\"fas fa-star\"><\/i><\/div><div class=\"w-iconbox-meta\"><p class=\"w-iconbox-title\" style=\"font-size:1.2em;\">1 day of talks<\/p><\/div><\/div><div class=\"w-iconbox us_custom_015b44a4 has_text_color iconpos_left style_default color_secondary align_left no_text\"><div class=\"w-iconbox-icon\" style=\"font-size:1.1rem;\"><i class=\"fas fa-star\"><\/i><\/div><div class=\"w-iconbox-meta\"><p class=\"w-iconbox-title\" style=\"font-size:1em;\">1 lunch included<\/p><\/div><\/div><div class=\"w-separator hide_on_mobiles size_custom\" style=\"height:12px\"><\/div><div class=\"w-separator hide_on_default hide_on_laptops hide_on_tablets size_custom\" style=\"height:6px\"><\/div><div class=\"w-btn-wrapper align_left\"><a class=\"w-btn us-btn-style_1 us_custom_68709366\" href=\"?add-to-cart=7092\"><span class=\"w-btn-label\">BUY MY &#8220;4 JUNE&#8221; PASS FOR \u20ac390<\/span><\/a><\/div><div class=\"w-btn-wrapper align_left\"><a class=\"w-btn us-btn-style_1 us_custom_68709366\" href=\"?add-to-cart=7138\"><span class=\"w-btn-label\">BUY MY &#8220;5 JUNE&#8221; PASS FOR \u20ac390<\/span><\/a><\/div><div class=\"w-separator hide_on_mobiles size_custom\" style=\"height:8px\"><\/div><div class=\"w-separator hide_on_default hide_on_laptops hide_on_tablets size_custom\" style=\"height:10px\"><\/div><div class=\"wpb_text_column us_custom_3349c822\"><div class=\"wpb_wrapper\"><\/div><\/div><\/div><\/div><\/div><div class=\"vc_col-sm-6 wpb_column vc_column_container\"><div class=\"vc_column-inner us_custom_cba8d179\"><div class=\"wpb_wrapper\"><div class=\"w-slider us_custom_48063a38 style_none fit_cover nav_none has_border_radius count_1\"><div class=\"w-slider-h\"><div class=\"royalSlider\"><div class=\"rsContent\"><a class=\"rsImg\" data-rsw=\"900\" data-rsh=\"630\" href=\"https:\/\/foodrisk.eu\/wp-content\/uploads\/2025\/10\/badge-foodrisk2026-ls.png\"><span data-alt=\"\"><\/span><\/a><\/div><\/div><img decoding=\"async\" src=\"https:\/\/foodrisk.eu\/wp-content\/uploads\/2025\/10\/badge-foodrisk2026-ls.png\" width=\"900\" height=\"630\" alt loading=\"lazy\"><\/div><div class=\"w-slider-json\" onclick='return {&quot;autoScaleSlider&quot;:true,&quot;addActiveClass&quot;:true,&quot;loop&quot;:true,&quot;fadeInLoadedSlide&quot;:false,&quot;slidesSpacing&quot;:0,&quot;imageScalePadding&quot;:0,&quot;numImagesToPreload&quot;:2,&quot;arrowsNav&quot;:true,&quot;arrowsNavAutoHide&quot;:false,&quot;transitionType&quot;:&quot;move&quot;,&quot;transitionSpeed&quot;:250,&quot;block&quot;:{&quot;moveEffect&quot;:&quot;none&quot;,&quot;speed&quot;:300},&quot;thumbs&quot;:{&quot;fitInViewport&quot;:false,&quot;firstMargin&quot;:false,&quot;spacing&quot;:4},&quot;controlNavigation&quot;:&quot;none&quot;,&quot;autoScaleSliderWidth&quot;:900,&quot;autoScaleSliderHeight&quot;:630}'><\/div><\/div><\/div><\/div><\/div><\/div><\/div><\/section><section class=\"l-section wpb_row us_custom_2b61dfcd height_medium\"><div class=\"l-section-h i-cf\"><div class=\"g-cols vc_row via_flex valign_top type_default stacking_default\"><div class=\"vc_col-sm-12 wpb_column vc_column_container\"><div class=\"vc_column-inner us_custom_cba8d179\"><div class=\"wpb_wrapper\"><div class=\"wpb_text_column\"><div class=\"wpb_wrapper\"><h3 style=\"text-align: left;\"><span style=\"font-size: 2.1rem;\"><strong>PARTICIPATE<\/strong> IN THE SYMPOSIUM<\/span><\/h3>\n<\/div><\/div><div class=\"w-separator size_custom\" style=\"height:18px\"><\/div><div class=\"wpb_text_column us_custom_8f584ee7\"><div class=\"wpb_wrapper\"><div class=\"woocommerce-product-details__short-description\">\n<ul>\n<li>\n<p class=\"\"><strong>Nearly fifteen conferences<\/strong> on various topics related to <strong>food safety and authenticity<\/strong>, delivered by experts in their field from across Europe.<\/p>\n<\/li>\n<li>\n<p class=\"\"><span class=\"\"><\/span><span class=\"\"><strong>Round tables<\/strong> for discussing current issues and future solutions.<\/span><\/p>\n<\/li>\n<li>\n<p class=\"\"><span class=\"\"><\/span><strong>A gala dinner<\/strong> will be held on the evening of 5 June 2026, providing an informal opportunity to enjoy a selection of traditional dishes designed to introduce you to the region&#8217;s culinary culture and produce.<\/p>\n<\/li>\n<\/ul>\n<\/div>\n<h3 style=\"text-align: left;\"><em><strong>Book online <\/strong>your tickets <strong>now.<\/strong><\/em><\/h3>\n<p>Select your package from the drop-down menu below and complete your registration. You will be automatically redirected to the secure payment module of our partner Cr\u00e9dit Agricole.<\/p>\n<\/div><\/div><\/div><\/div><\/div><\/div><\/div><\/section>\n","protected":false},"excerpt":{"rendered":"TicketingTake part in the 3rd edition of the FOOD Risk conference PASS FOOD RISK 2026 2 days of conferencesLunches (4th and 5th June)Complimentary gala dinnerBOOK MY PASS FOR 780\u20ac1 DAY PASS &#8211;\u00a02026 1 day of talks1 lunch includedBUY MY &#8220;4 JUNE&#8221; PASS FOR \u20ac390BUY MY &#8220;5 JUNE&#8221; PASS FOR \u20ac390PARTICIPATE IN THE SYMPOSIUM Nearly fifteen...","protected":false},"author":178,"featured_media":5687,"parent":0,"menu_order":0,"comment_status":"closed","ping_status":"closed","template":"","meta":{"footnotes":""},"class_list":["post-136","page","type-page","status-publish","has-post-thumbnail","hentry"],"yoast_head":"<!-- This site is optimized with the Yoast SEO plugin v27.4 - https:\/\/yoast.com\/product\/yoast-seo-wordpress\/ -->\n<title>Ticketing | FOOD Risk<\/title>\n<meta name=\"description\" content=\"Participez \u00e0 la premi\u00e8re \u00e9dition de Food Risk Colloque.R\u00e9servez d\u00e8s maintenant vos places en ligne.\" \/>\n<meta name=\"robots\" content=\"index, follow, max-snippet:-1, max-image-preview:large, max-video-preview:-1\" \/>\n<link rel=\"canonical\" href=\"https:\/\/foodrisk.eu\/en\/ticketing\/\" \/>\n<meta property=\"og:locale\" content=\"en_US\" \/>\n<meta property=\"og:type\" content=\"article\" \/>\n<meta property=\"og:title\" content=\"Ticketing | FOOD Risk\" \/>\n<meta property=\"og:description\" content=\"Participez \u00e0 la premi\u00e8re \u00e9dition de Food Risk Colloque.R\u00e9servez d\u00e8s maintenant vos places en ligne.\" \/>\n<meta property=\"og:url\" content=\"https:\/\/foodrisk.eu\/en\/ticketing\/\" \/>\n<meta property=\"og:site_name\" content=\"FOOD Risk\" \/>\n<meta property=\"article:publisher\" content=\"https:\/\/www.facebook.com\/laboratoirePHYTOCONTROL\/\" \/>\n<meta property=\"article:modified_time\" content=\"2026-03-18T17:00:12+00:00\" \/>\n<meta property=\"og:image\" content=\"https:\/\/foodrisk.eu\/wp-content\/uploads\/2025\/11\/pass_image-01.jpg\" \/>\n\t<meta property=\"og:image:width\" content=\"1024\" \/>\n\t<meta property=\"og:image:height\" content=\"683\" \/>\n\t<meta property=\"og:image:type\" content=\"image\/jpeg\" \/>\n<meta name=\"twitter:card\" content=\"summary_large_image\" \/>\n<meta name=\"twitter:site\" content=\"@phytocontrol\" \/>\n<meta name=\"twitter:label1\" content=\"Est. reading time\" \/>\n\t<meta name=\"twitter:data1\" content=\"2 minutes\" \/>\n<script type=\"application\/ld+json\" class=\"yoast-schema-graph\">{\"@context\":\"https:\\\/\\\/schema.org\",\"@graph\":[{\"@type\":\"WebPage\",\"@id\":\"https:\\\/\\\/foodrisk.eu\\\/en\\\/ticketing\\\/\",\"url\":\"https:\\\/\\\/foodrisk.eu\\\/en\\\/ticketing\\\/\",\"name\":\"Ticketing | FOOD Risk\",\"isPartOf\":{\"@id\":\"https:\\\/\\\/foodrisk.eu\\\/en\\\/#website\"},\"primaryImageOfPage\":{\"@id\":\"https:\\\/\\\/foodrisk.eu\\\/en\\\/ticketing\\\/#primaryimage\"},\"image\":{\"@id\":\"https:\\\/\\\/foodrisk.eu\\\/en\\\/ticketing\\\/#primaryimage\"},\"thumbnailUrl\":\"https:\\\/\\\/foodrisk.eu\\\/wp-content\\\/uploads\\\/2025\\\/11\\\/pass_image-01.jpg\",\"datePublished\":\"2019-07-18T13:19:18+00:00\",\"dateModified\":\"2026-03-18T17:00:12+00:00\",\"description\":\"Participez \u00e0 la premi\u00e8re \u00e9dition de Food Risk Colloque.R\u00e9servez d\u00e8s maintenant vos places en ligne.\",\"breadcrumb\":{\"@id\":\"https:\\\/\\\/foodrisk.eu\\\/en\\\/ticketing\\\/#breadcrumb\"},\"inLanguage\":\"en-US\",\"potentialAction\":[{\"@type\":\"ReadAction\",\"target\":[\"https:\\\/\\\/foodrisk.eu\\\/en\\\/ticketing\\\/\"]}]},{\"@type\":\"ImageObject\",\"inLanguage\":\"en-US\",\"@id\":\"https:\\\/\\\/foodrisk.eu\\\/en\\\/ticketing\\\/#primaryimage\",\"url\":\"https:\\\/\\\/foodrisk.eu\\\/wp-content\\\/uploads\\\/2025\\\/11\\\/pass_image-01.jpg\",\"contentUrl\":\"https:\\\/\\\/foodrisk.eu\\\/wp-content\\\/uploads\\\/2025\\\/11\\\/pass_image-01.jpg\",\"width\":1024,\"height\":683},{\"@type\":\"BreadcrumbList\",\"@id\":\"https:\\\/\\\/foodrisk.eu\\\/en\\\/ticketing\\\/#breadcrumb\",\"itemListElement\":[{\"@type\":\"ListItem\",\"position\":1,\"name\":\"Accueil\",\"item\":\"https:\\\/\\\/foodrisk.eu\\\/en\\\/\"},{\"@type\":\"ListItem\",\"position\":2,\"name\":\"Ticketing\"}]},{\"@type\":\"WebSite\",\"@id\":\"https:\\\/\\\/foodrisk.eu\\\/en\\\/#website\",\"url\":\"https:\\\/\\\/foodrisk.eu\\\/en\\\/\",\"name\":\"FOOD Risk\",\"description\":\"Colloque International Safety &amp; Authenticity\",\"publisher\":{\"@id\":\"https:\\\/\\\/foodrisk.eu\\\/en\\\/#organization\"},\"potentialAction\":[{\"@type\":\"SearchAction\",\"target\":{\"@type\":\"EntryPoint\",\"urlTemplate\":\"https:\\\/\\\/foodrisk.eu\\\/en\\\/?s={search_term_string}\"},\"query-input\":{\"@type\":\"PropertyValueSpecification\",\"valueRequired\":true,\"valueName\":\"search_term_string\"}}],\"inLanguage\":\"en-US\"},{\"@type\":\"Organization\",\"@id\":\"https:\\\/\\\/foodrisk.eu\\\/en\\\/#organization\",\"name\":\"Food Risk\",\"url\":\"https:\\\/\\\/foodrisk.eu\\\/en\\\/\",\"logo\":{\"@type\":\"ImageObject\",\"inLanguage\":\"en-US\",\"@id\":\"https:\\\/\\\/foodrisk.eu\\\/en\\\/#\\\/schema\\\/logo\\\/image\\\/\",\"url\":\"https:\\\/\\\/foodrisk.eu\\\/wp-content\\\/uploads\\\/2019\\\/07\\\/logo-FOOD-RISK_01.jpg\",\"contentUrl\":\"https:\\\/\\\/foodrisk.eu\\\/wp-content\\\/uploads\\\/2019\\\/07\\\/logo-FOOD-RISK_01.jpg\",\"width\":1181,\"height\":780,\"caption\":\"Food Risk\"},\"image\":{\"@id\":\"https:\\\/\\\/foodrisk.eu\\\/en\\\/#\\\/schema\\\/logo\\\/image\\\/\"},\"sameAs\":[\"https:\\\/\\\/www.facebook.com\\\/laboratoirePHYTOCONTROL\\\/\",\"https:\\\/\\\/x.com\\\/phytocontrol\",\"https:\\\/\\\/www.instagram.com\\\/phytocontrol\\\/?hl=fr\"]}]}<\/script>\n<!-- \/ Yoast SEO plugin. -->","yoast_head_json":{"title":"Ticketing | FOOD Risk","description":"Participez \u00e0 la premi\u00e8re \u00e9dition de Food Risk Colloque.R\u00e9servez d\u00e8s maintenant vos places en ligne.","robots":{"index":"index","follow":"follow","max-snippet":"max-snippet:-1","max-image-preview":"max-image-preview:large","max-video-preview":"max-video-preview:-1"},"canonical":"https:\/\/foodrisk.eu\/en\/ticketing\/","og_locale":"en_US","og_type":"article","og_title":"Ticketing | FOOD Risk","og_description":"Participez \u00e0 la premi\u00e8re \u00e9dition de Food Risk Colloque.R\u00e9servez d\u00e8s maintenant vos places en ligne.","og_url":"https:\/\/foodrisk.eu\/en\/ticketing\/","og_site_name":"FOOD Risk","article_publisher":"https:\/\/www.facebook.com\/laboratoirePHYTOCONTROL\/","article_modified_time":"2026-03-18T17:00:12+00:00","og_image":[{"width":1024,"height":683,"url":"https:\/\/foodrisk.eu\/wp-content\/uploads\/2025\/11\/pass_image-01.jpg","type":"image\/jpeg"}],"twitter_card":"summary_large_image","twitter_site":"@phytocontrol","twitter_misc":{"Est. reading time":"2 minutes"},"schema":{"@context":"https:\/\/schema.org","@graph":[{"@type":"WebPage","@id":"https:\/\/foodrisk.eu\/en\/ticketing\/","url":"https:\/\/foodrisk.eu\/en\/ticketing\/","name":"Ticketing | FOOD Risk","isPartOf":{"@id":"https:\/\/foodrisk.eu\/en\/#website"},"primaryImageOfPage":{"@id":"https:\/\/foodrisk.eu\/en\/ticketing\/#primaryimage"},"image":{"@id":"https:\/\/foodrisk.eu\/en\/ticketing\/#primaryimage"},"thumbnailUrl":"https:\/\/foodrisk.eu\/wp-content\/uploads\/2025\/11\/pass_image-01.jpg","datePublished":"2019-07-18T13:19:18+00:00","dateModified":"2026-03-18T17:00:12+00:00","description":"Participez \u00e0 la premi\u00e8re \u00e9dition de Food Risk Colloque.R\u00e9servez d\u00e8s maintenant vos places en ligne.","breadcrumb":{"@id":"https:\/\/foodrisk.eu\/en\/ticketing\/#breadcrumb"},"inLanguage":"en-US","potentialAction":[{"@type":"ReadAction","target":["https:\/\/foodrisk.eu\/en\/ticketing\/"]}]},{"@type":"ImageObject","inLanguage":"en-US","@id":"https:\/\/foodrisk.eu\/en\/ticketing\/#primaryimage","url":"https:\/\/foodrisk.eu\/wp-content\/uploads\/2025\/11\/pass_image-01.jpg","contentUrl":"https:\/\/foodrisk.eu\/wp-content\/uploads\/2025\/11\/pass_image-01.jpg","width":1024,"height":683},{"@type":"BreadcrumbList","@id":"https:\/\/foodrisk.eu\/en\/ticketing\/#breadcrumb","itemListElement":[{"@type":"ListItem","position":1,"name":"Accueil","item":"https:\/\/foodrisk.eu\/en\/"},{"@type":"ListItem","position":2,"name":"Ticketing"}]},{"@type":"WebSite","@id":"https:\/\/foodrisk.eu\/en\/#website","url":"https:\/\/foodrisk.eu\/en\/","name":"FOOD Risk","description":"Colloque International Safety &amp; Authenticity","publisher":{"@id":"https:\/\/foodrisk.eu\/en\/#organization"},"potentialAction":[{"@type":"SearchAction","target":{"@type":"EntryPoint","urlTemplate":"https:\/\/foodrisk.eu\/en\/?s={search_term_string}"},"query-input":{"@type":"PropertyValueSpecification","valueRequired":true,"valueName":"search_term_string"}}],"inLanguage":"en-US"},{"@type":"Organization","@id":"https:\/\/foodrisk.eu\/en\/#organization","name":"Food Risk","url":"https:\/\/foodrisk.eu\/en\/","logo":{"@type":"ImageObject","inLanguage":"en-US","@id":"https:\/\/foodrisk.eu\/en\/#\/schema\/logo\/image\/","url":"https:\/\/foodrisk.eu\/wp-content\/uploads\/2019\/07\/logo-FOOD-RISK_01.jpg","contentUrl":"https:\/\/foodrisk.eu\/wp-content\/uploads\/2019\/07\/logo-FOOD-RISK_01.jpg","width":1181,"height":780,"caption":"Food Risk"},"image":{"@id":"https:\/\/foodrisk.eu\/en\/#\/schema\/logo\/image\/"},"sameAs":["https:\/\/www.facebook.com\/laboratoirePHYTOCONTROL\/","https:\/\/x.com\/phytocontrol","https:\/\/www.instagram.com\/phytocontrol\/?hl=fr"]}]}},"_links":{"self":[{"href":"https:\/\/foodrisk.eu\/en\/wp-json\/wp\/v2\/pages\/136","targetHints":{"allow":["GET"]}}],"collection":[{"href":"https:\/\/foodrisk.eu\/en\/wp-json\/wp\/v2\/pages"}],"about":[{"href":"https:\/\/foodrisk.eu\/en\/wp-json\/wp\/v2\/types\/page"}],"author":[{"embeddable":true,"href":"https:\/\/foodrisk.eu\/en\/wp-json\/wp\/v2\/users\/178"}],"replies":[{"embeddable":true,"href":"https:\/\/foodrisk.eu\/en\/wp-json\/wp\/v2\/comments?post=136"}],"version-history":[{"count":8,"href":"https:\/\/foodrisk.eu\/en\/wp-json\/wp\/v2\/pages\/136\/revisions"}],"predecessor-version":[{"id":7225,"href":"https:\/\/foodrisk.eu\/en\/wp-json\/wp\/v2\/pages\/136\/revisions\/7225"}],"wp:featuredmedia":[{"embeddable":true,"href":"https:\/\/foodrisk.eu\/en\/wp-json\/wp\/v2\/media\/5687"}],"wp:attachment":[{"href":"https:\/\/foodrisk.eu\/en\/wp-json\/wp\/v2\/media?parent=136"}],"curies":[{"name":"wp","href":"https:\/\/api.w.org\/{rel}","templated":true}]}}