{"id":1374,"date":"2019-07-18T15:20:18","date_gmt":"2019-07-18T13:20:18","guid":{"rendered":"https:\/\/foodrisk.eu\/practical-information\/"},"modified":"2025-11-05T20:49:29","modified_gmt":"2025-11-05T19:49:29","slug":"practical-info","status":"publish","type":"page","link":"https:\/\/foodrisk.eu\/en\/practical-info\/","title":{"rendered":"Practical Information"},"content":{"rendered":"<section class=\"l-section wpb_row us_custom_b7a3db55 height_small with_img\"><div class=\"l-section-img\" role=\"img\" aria-label=\"Image\" data-img-width=\"1300\" data-img-height=\"814\" style=\"background-image: url(https:\/\/foodrisk.eu\/wp-content\/uploads\/2025\/10\/centrecongres.jpg);background-position: top center;\"><\/div><div class=\"l-section-overlay\" style=\"background:rgba(109,170,212,0.7)\"><\/div><div class=\"l-section-h i-cf\"><div class=\"g-cols vc_row via_flex valign_top type_default stacking_default\"><div class=\"vc_col-sm-12 wpb_column vc_column_container\"><div class=\"vc_column-inner us_custom_6b784548\"><div class=\"wpb_wrapper\"><h1 class=\"w-post-elm post_title us_custom_b35cdcc5 has_text_color align_center entry-title color_link_inherit\">Practical Information<\/h1><\/div><\/div><\/div><\/div><\/div><\/section><section class=\"l-section wpb_row height_medium\"><div class=\"l-section-h i-cf\"><div class=\"g-cols vc_row via_flex valign_top type_default stacking_default\"><div class=\"vc_col-sm-12 wpb_column vc_column_container\"><div class=\"vc_column-inner\"><div class=\"wpb_wrapper\"><div class=\"w-html\"><div id=\"blocatria\" style=\"width: 100%; max-width:1396px; min-width:300px;\"> \n     <div id=\"maincontent\" style=\"display:flex; flex-direction:row;\">\n  \n         <div id=\"colgauche\" style=\"width:35%; background-color:#FFFFF;\"> \n              <div style=\"height:250px; padding-top:10%;\">\n\t\t\t\t  <h6 style=\"letter-spacing:-3px;\">H2,<\/br>CENTRE DES CONGR\u00c8S <\/h6>\n\t\t\t<h6 style=\"color: #87ceeb;\">N\u00ceMES<\/h6>\n\t\t\t\t\t\n\t      <\/div>\n              <hr style=\"height:2px!important; color:#494949; background-color:#494949; margin-top:50px;\"\/>\n\t\t\t\t\n\t\t\t\t<div style=\" margin-left:5%; margin-top:18%;\">\n\t\t\t\t\t\n\t\t\t\t\t<p style=\"\"><strong>HOW TO ACCESS IT?<\/strong><\/p>\n\t\t\t\t\t<p style=\"letter-spacing: -1px;\"><strong>N\u00eemes TGV Station - <\/strong><span style=\"color: #87ceeb;\"> 400m<\/span><br>\n\t\t\t\t\t(Paris\/N\u00eemes : 2h45)<br>\n\t\t\t\t\tOver 16 daily connections.<\/p>\n\t\t\t\t\t<p style=\"letter-spacing: -1px;\"><strong>Montpellier M\u00e9diterran\u00e9e Airport - <\/strong><span style=\"color: #87ceeb;\">40km<\/span><\/p>\n\t\t\t\t\t<p style=\"letter-spacing: -1px;\"><strong>Marseille Provence Airport - <\/strong><span style=\"color: #87ceeb;\">100km<\/span><\/p>\n\t\t\t\t\n\t\t\t\t<\/div>\n\t\t\t\t\n\t\t\t\t<p style=\"text-align: right; letter-spacing: -1px; margin-top: 7%; margin-bottom: 10%; margin-right:28%;\">\n\t\t\t\t\t<strong>H2, CENTRE DES CONGR\u00c8S<\/strong><br>\n\t\t\t\t\t6 rue de la r\u00e9publique<br>\n\t\t\t\t\t30000 N\u00eemes - France<br>\n\t\t\t\t\tT\u00e9l. : +33 (0) 6.50.33.17.89<br>\n\t\t\t\t\tE-mail : communication@spl-culture-patrimoine.com\n\t\t\t\t<\/p>\n         <\/div>\n \n         <div id=\"colcentre\" style=\"width:2px; background-color:#494949;\">\n              &nbsp;\n         <\/div>\n\n         <div id=\"coldroite\" style=\"width:63%; background-color:#FFFFF;\"> \n               <div style=\"height:250px; display:inline-block;\">\n\t\t\t\t\n\t\t\n\t\t\t\t<div style=\"margin-top:8%; margin-left:5%;\">\n\t\t\t\t\n\t\t\t\t\t<h1 style=\"letter-spacing: -1px;\">\n\t\t\t\t\t\tFancy a little visit?\n\t\t\t\t\t<\/h1>\n\t\t\t\t\t<p style=\"margin-top: 6%;\">\n\t\t\t\t\t\tYou will find all the information at \n\t\t\t\t\t\t<a href=\"https:\/\/www.nimes-tourisme.com\/fr\/\" target=\"_blank\">nimes-tourisme.com<\/a>\n\t\t\t\t\t<\/p>\n\t\t\t\t\t<h1 style=\"margin-top: 7%; margin-bottom: 6%; letter-spacing: -1px;\">\n\t\t\t\t\t\tABOUT N\u00ceMES\n\t\t\t\t\t<\/h1>\n\t\t\t\t\t\n\t\t\t\t\t<p style=\"margin-left: 4%;\">\n\t\t\t\t\t\tA city on a human scale: with 150,000 inhabitants in the city itself and 260,000 in its metropolitan area, N\u00eemes is experiencing positive demographic growth.\n\t\t\t\t\t<\/p>\n\t\t\t\t\t\n\t\t\t\t\t<p style=\"margin-left: 4%;\">Magna Porta is a business park of the future: covering an area of 10 kilometres along the Via Domitia, it forms a link between N\u00eemes and the future Ni\u0302mes-Pont du Gard high-speed train station, a true gateway to economic recovery combining agriculture and industry, cutting-edge technology and Roman heritage.<\/p>\n\t\t\t\t\t\n\t\t\t\t\t<!----<p style=\"margin-left: 4%;\">\n\t\t\t\t\t\tUn projet innovant, ORIGO : cette future plateforme technologique d\u2019envergure europ\u00e9enne, initi\u00e9e par le groupe Phytocontrol\n\t\t\t\t\t\tet ses partenaires, sera de\u0301di\u00e9e \u00e0 la s\u00e9curit\u00e9 et l\u2019authenticit\u00e9 des produits agroalimentaires ; situ\u00e9e dans le parc Magna Porta,\n\t\t\t\t\t\telle s\u2019inscrit au coeur d\u2019un pays d\u2019IPG renomm\u00e9e (olives, huiles, vignes, miel,...) et se veut un puissant moteur d\u2019innovation\n\t\t\t\t\t\tgr\u00e2ce \u00e0 des \u00e9quipements de pointe et des partenariats acad\u00e9miques.\n\t\t\t\t\t<\/p>\n\t\t\t\t\t<p style=\"margin-left: 4%; margin-bottom:8%;\">\n\t\t\t\t\t\tORIGO b\u00e9n\u00e9ficiera d\u2019une visibilit\u00e9 forte \u00e0 l\u2019\u00e9chelle europ\u00e9enne concernant l\u2019analyse, le conseil, la formation et la recherche\n\t\t\t\t\t\ten mati\u00e8re d\u2019adult\u00e9ration et viendra en soutien aux agriculteurs et aux entreprises de transformation agroalimentaires du territoire\n\t\t\t\t\t\tpour garantir la qualit\u00e9 de leurs produits.\n\t\t\t\t\t<\/p>----->\n\t\t\t\t\t\t\t\t\t\n\t\t\t\t<\/div>\n         <\/div>\n \n     <\/div>\n<\/div> <\/div><\/div><\/div><\/div><\/div><\/div><\/section><section class=\"l-section wpb_row height_medium\"><div class=\"l-section-h i-cf\"><div class=\"g-cols vc_row via_flex valign_top type_default stacking_default\"><div class=\"vc_col-sm-12 wpb_column vc_column_container\"><div class=\"vc_column-inner\"><div class=\"wpb_wrapper\"><div class=\"w-html\"><iframe src=\"https:\/\/www.google.com\/maps\/embed?pb=!1m18!1m12!1m3!1d5756.161326396594!2d4.3593563!3d43.833425399999996!2m3!1f0!2f0!3f0!3m2!1i1024!2i768!4f13.1!3m3!1m2!1s0x12b42d088a9ca955%3A0x85fdedef099d9347!2s6%20Rue%20de%20la%20R%C3%A9publique%2C%2030000%20N%C3%AEmes!5e0!3m2!1sfr!2sfr!4v1757595680457!5m2!1sfr!2sfr\" width=\"100%\" height=\"450\" style=\"border:0;\" allowfullscreen=\"\" loading=\"lazy\"><\/iframe><\/div><\/div><\/div><\/div><\/div><\/div><\/section>\n","protected":false},"excerpt":{"rendered":"Practical Information H2,CENTRE DES CONGR\u00c8S N\u00ceMES HOW TO ACCESS IT? N\u00eemes TGV Station - 400m (Paris\/N\u00eemes : 2h45) Over 16 daily connections. Montpellier M\u00e9diterran\u00e9e Airport - 40km Marseille Provence Airport - 100km H2, CENTRE DES CONGR\u00c8S 6 rue de la r\u00e9publique 30000 N\u00eemes - France T\u00e9l. : +33 (0) 6.50.33.17.89 E-mail : communication@spl-culture-patrimoine.com &nbsp; Fancy...","protected":false},"author":178,"featured_media":0,"parent":0,"menu_order":0,"comment_status":"closed","ping_status":"closed","template":"","meta":{"footnotes":""},"class_list":["post-1374","page","type-page","status-publish","hentry"],"yoast_head":"<!-- This site is optimized with the Yoast SEO plugin v27.4 - https:\/\/yoast.com\/product\/yoast-seo-wordpress\/ -->\n<title>Practical Information | FOOD Risk<\/title>\n<meta name=\"description\" content=\"Toutes les informations pratiques pour se rendre au colloque Food Risk. Suivez le guide.\" \/>\n<meta name=\"robots\" content=\"index, follow, max-snippet:-1, max-image-preview:large, max-video-preview:-1\" \/>\n<link rel=\"canonical\" href=\"https:\/\/foodrisk.eu\/en\/practical-info\/\" \/>\n<meta property=\"og:locale\" content=\"en_US\" \/>\n<meta property=\"og:type\" content=\"article\" \/>\n<meta property=\"og:title\" content=\"Practical Information | FOOD Risk\" \/>\n<meta property=\"og:description\" content=\"Toutes les informations pratiques pour se rendre au colloque Food Risk. Suivez le guide.\" \/>\n<meta property=\"og:url\" content=\"https:\/\/foodrisk.eu\/en\/practical-info\/\" \/>\n<meta property=\"og:site_name\" content=\"FOOD Risk\" \/>\n<meta property=\"article:publisher\" content=\"https:\/\/www.facebook.com\/laboratoirePHYTOCONTROL\/\" \/>\n<meta property=\"article:modified_time\" content=\"2025-11-05T19:49:29+00:00\" \/>\n<meta property=\"og:image\" content=\"https:\/\/foodrisk.eu\/wp-content\/uploads\/2025\/10\/FOOD-Risk_Desktop.jpg\" \/>\n\t<meta property=\"og:image:width\" content=\"1920\" \/>\n\t<meta property=\"og:image:height\" content=\"1080\" \/>\n\t<meta property=\"og:image:type\" content=\"image\/jpeg\" \/>\n<meta name=\"twitter:card\" content=\"summary_large_image\" \/>\n<meta name=\"twitter:site\" content=\"@phytocontrol\" \/>\n<meta name=\"twitter:label1\" content=\"Est. reading time\" \/>\n\t<meta name=\"twitter:data1\" content=\"1 minute\" \/>\n<script type=\"application\/ld+json\" class=\"yoast-schema-graph\">{\"@context\":\"https:\\\/\\\/schema.org\",\"@graph\":[{\"@type\":\"WebPage\",\"@id\":\"https:\\\/\\\/foodrisk.eu\\\/en\\\/practical-info\\\/\",\"url\":\"https:\\\/\\\/foodrisk.eu\\\/en\\\/practical-info\\\/\",\"name\":\"Practical Information | FOOD Risk\",\"isPartOf\":{\"@id\":\"https:\\\/\\\/foodrisk.eu\\\/en\\\/#website\"},\"datePublished\":\"2019-07-18T13:20:18+00:00\",\"dateModified\":\"2025-11-05T19:49:29+00:00\",\"description\":\"Toutes les informations pratiques pour se rendre au colloque Food Risk. Suivez le guide.\",\"breadcrumb\":{\"@id\":\"https:\\\/\\\/foodrisk.eu\\\/en\\\/practical-info\\\/#breadcrumb\"},\"inLanguage\":\"en-US\",\"potentialAction\":[{\"@type\":\"ReadAction\",\"target\":[\"https:\\\/\\\/foodrisk.eu\\\/en\\\/practical-info\\\/\"]}]},{\"@type\":\"BreadcrumbList\",\"@id\":\"https:\\\/\\\/foodrisk.eu\\\/en\\\/practical-info\\\/#breadcrumb\",\"itemListElement\":[{\"@type\":\"ListItem\",\"position\":1,\"name\":\"Accueil\",\"item\":\"https:\\\/\\\/foodrisk.eu\\\/en\\\/\"},{\"@type\":\"ListItem\",\"position\":2,\"name\":\"Practical Information\"}]},{\"@type\":\"WebSite\",\"@id\":\"https:\\\/\\\/foodrisk.eu\\\/en\\\/#website\",\"url\":\"https:\\\/\\\/foodrisk.eu\\\/en\\\/\",\"name\":\"FOOD Risk\",\"description\":\"Colloque International Safety &amp; Authenticity\",\"publisher\":{\"@id\":\"https:\\\/\\\/foodrisk.eu\\\/en\\\/#organization\"},\"potentialAction\":[{\"@type\":\"SearchAction\",\"target\":{\"@type\":\"EntryPoint\",\"urlTemplate\":\"https:\\\/\\\/foodrisk.eu\\\/en\\\/?s={search_term_string}\"},\"query-input\":{\"@type\":\"PropertyValueSpecification\",\"valueRequired\":true,\"valueName\":\"search_term_string\"}}],\"inLanguage\":\"en-US\"},{\"@type\":\"Organization\",\"@id\":\"https:\\\/\\\/foodrisk.eu\\\/en\\\/#organization\",\"name\":\"Food Risk\",\"url\":\"https:\\\/\\\/foodrisk.eu\\\/en\\\/\",\"logo\":{\"@type\":\"ImageObject\",\"inLanguage\":\"en-US\",\"@id\":\"https:\\\/\\\/foodrisk.eu\\\/en\\\/#\\\/schema\\\/logo\\\/image\\\/\",\"url\":\"https:\\\/\\\/foodrisk.eu\\\/wp-content\\\/uploads\\\/2019\\\/07\\\/logo-FOOD-RISK_01.jpg\",\"contentUrl\":\"https:\\\/\\\/foodrisk.eu\\\/wp-content\\\/uploads\\\/2019\\\/07\\\/logo-FOOD-RISK_01.jpg\",\"width\":1181,\"height\":780,\"caption\":\"Food Risk\"},\"image\":{\"@id\":\"https:\\\/\\\/foodrisk.eu\\\/en\\\/#\\\/schema\\\/logo\\\/image\\\/\"},\"sameAs\":[\"https:\\\/\\\/www.facebook.com\\\/laboratoirePHYTOCONTROL\\\/\",\"https:\\\/\\\/x.com\\\/phytocontrol\",\"https:\\\/\\\/www.instagram.com\\\/phytocontrol\\\/?hl=fr\"]}]}<\/script>\n<!-- \/ Yoast SEO plugin. -->","yoast_head_json":{"title":"Practical Information | FOOD Risk","description":"Toutes les informations pratiques pour se rendre au colloque Food Risk. Suivez le guide.","robots":{"index":"index","follow":"follow","max-snippet":"max-snippet:-1","max-image-preview":"max-image-preview:large","max-video-preview":"max-video-preview:-1"},"canonical":"https:\/\/foodrisk.eu\/en\/practical-info\/","og_locale":"en_US","og_type":"article","og_title":"Practical Information | FOOD Risk","og_description":"Toutes les informations pratiques pour se rendre au colloque Food Risk. Suivez le guide.","og_url":"https:\/\/foodrisk.eu\/en\/practical-info\/","og_site_name":"FOOD Risk","article_publisher":"https:\/\/www.facebook.com\/laboratoirePHYTOCONTROL\/","article_modified_time":"2025-11-05T19:49:29+00:00","og_image":[{"width":1920,"height":1080,"url":"https:\/\/foodrisk.eu\/wp-content\/uploads\/2025\/10\/FOOD-Risk_Desktop.jpg","type":"image\/jpeg"}],"twitter_card":"summary_large_image","twitter_site":"@phytocontrol","twitter_misc":{"Est. reading time":"1 minute"},"schema":{"@context":"https:\/\/schema.org","@graph":[{"@type":"WebPage","@id":"https:\/\/foodrisk.eu\/en\/practical-info\/","url":"https:\/\/foodrisk.eu\/en\/practical-info\/","name":"Practical Information | FOOD Risk","isPartOf":{"@id":"https:\/\/foodrisk.eu\/en\/#website"},"datePublished":"2019-07-18T13:20:18+00:00","dateModified":"2025-11-05T19:49:29+00:00","description":"Toutes les informations pratiques pour se rendre au colloque Food Risk. Suivez le guide.","breadcrumb":{"@id":"https:\/\/foodrisk.eu\/en\/practical-info\/#breadcrumb"},"inLanguage":"en-US","potentialAction":[{"@type":"ReadAction","target":["https:\/\/foodrisk.eu\/en\/practical-info\/"]}]},{"@type":"BreadcrumbList","@id":"https:\/\/foodrisk.eu\/en\/practical-info\/#breadcrumb","itemListElement":[{"@type":"ListItem","position":1,"name":"Accueil","item":"https:\/\/foodrisk.eu\/en\/"},{"@type":"ListItem","position":2,"name":"Practical Information"}]},{"@type":"WebSite","@id":"https:\/\/foodrisk.eu\/en\/#website","url":"https:\/\/foodrisk.eu\/en\/","name":"FOOD Risk","description":"Colloque International Safety &amp; Authenticity","publisher":{"@id":"https:\/\/foodrisk.eu\/en\/#organization"},"potentialAction":[{"@type":"SearchAction","target":{"@type":"EntryPoint","urlTemplate":"https:\/\/foodrisk.eu\/en\/?s={search_term_string}"},"query-input":{"@type":"PropertyValueSpecification","valueRequired":true,"valueName":"search_term_string"}}],"inLanguage":"en-US"},{"@type":"Organization","@id":"https:\/\/foodrisk.eu\/en\/#organization","name":"Food Risk","url":"https:\/\/foodrisk.eu\/en\/","logo":{"@type":"ImageObject","inLanguage":"en-US","@id":"https:\/\/foodrisk.eu\/en\/#\/schema\/logo\/image\/","url":"https:\/\/foodrisk.eu\/wp-content\/uploads\/2019\/07\/logo-FOOD-RISK_01.jpg","contentUrl":"https:\/\/foodrisk.eu\/wp-content\/uploads\/2019\/07\/logo-FOOD-RISK_01.jpg","width":1181,"height":780,"caption":"Food Risk"},"image":{"@id":"https:\/\/foodrisk.eu\/en\/#\/schema\/logo\/image\/"},"sameAs":["https:\/\/www.facebook.com\/laboratoirePHYTOCONTROL\/","https:\/\/x.com\/phytocontrol","https:\/\/www.instagram.com\/phytocontrol\/?hl=fr"]}]}},"_links":{"self":[{"href":"https:\/\/foodrisk.eu\/en\/wp-json\/wp\/v2\/pages\/1374","targetHints":{"allow":["GET"]}}],"collection":[{"href":"https:\/\/foodrisk.eu\/en\/wp-json\/wp\/v2\/pages"}],"about":[{"href":"https:\/\/foodrisk.eu\/en\/wp-json\/wp\/v2\/types\/page"}],"author":[{"embeddable":true,"href":"https:\/\/foodrisk.eu\/en\/wp-json\/wp\/v2\/users\/178"}],"replies":[{"embeddable":true,"href":"https:\/\/foodrisk.eu\/en\/wp-json\/wp\/v2\/comments?post=1374"}],"version-history":[{"count":0,"href":"https:\/\/foodrisk.eu\/en\/wp-json\/wp\/v2\/pages\/1374\/revisions"}],"wp:attachment":[{"href":"https:\/\/foodrisk.eu\/en\/wp-json\/wp\/v2\/media?parent=1374"}],"curies":[{"name":"wp","href":"https:\/\/api.w.org\/{rel}","templated":true}]}}