{"id":7138,"date":"2026-03-12T17:30:00","date_gmt":"2026-03-12T16:30:00","guid":{"rendered":"https:\/\/foodrisk.eu\/?post_type=product&#038;p=7138"},"modified":"2026-03-18T16:30:51","modified_gmt":"2026-03-18T15:30:51","slug":"food-risk-2026-pass-5-june","status":"publish","type":"product","link":"https:\/\/foodrisk.eu\/en\/pass\/food-risk-2026-pass-5-june\/","title":{"rendered":"FOOD RISK 2026 &#8211; PASS 5 JUNE"},"content":{"rendered":"<section class=\"l-section wpb_row us_custom_4021b619 height_medium\"><div class=\"l-section-h i-cf\"><div class=\"g-cols vc_row via_flex valign_middle type_default stacking_default\"><div class=\"vc_col-sm-6 wpb_column vc_column_container\"><div class=\"vc_column-inner us_custom_cba8d179\"><div class=\"wpb_wrapper\"><div class=\"w-slider us_custom_dad4fece style_none fit_cover nav_none has_border_radius count_12\"><div class=\"w-slider-h\"><div class=\"royalSlider\"><div class=\"rsContent\"><a class=\"rsImg\" data-rsw=\"900\" data-rsh=\"630\" href=\"https:\/\/foodrisk.eu\/wp-content\/uploads\/2025\/10\/badge-foodrisk2026-ls.png\"><span data-alt=\"\"><\/span><\/a><\/div><div class=\"rsContent\"><a class=\"rsImg\" data-rsw=\"1024\" data-rsh=\"683\" href=\"https:\/\/foodrisk.eu\/wp-content\/uploads\/2025\/11\/pass_image-01.jpg\"><span data-alt=\"\"><\/span><\/a><\/div><div class=\"rsContent\"><a class=\"rsImg\" data-rsw=\"1024\" data-rsh=\"683\" href=\"https:\/\/foodrisk.eu\/wp-content\/uploads\/2019\/07\/fooevents_conf-1024x683.jpg\"><span data-alt=\"\"><\/span><\/a><\/div><div class=\"rsContent\"><a class=\"rsImg\" data-rsw=\"1024\" data-rsh=\"683\" href=\"https:\/\/foodrisk.eu\/wp-content\/uploads\/2025\/11\/pass_image-02.jpg\"><span data-alt=\"\"><\/span><\/a><\/div><div class=\"rsContent\"><a class=\"rsImg\" data-rsw=\"1024\" data-rsh=\"683\" href=\"https:\/\/foodrisk.eu\/wp-content\/uploads\/2025\/11\/pass_image-03.jpg\"><span data-alt=\"\"><\/span><\/a><\/div><div class=\"rsContent\"><a class=\"rsImg\" data-rsw=\"1024\" data-rsh=\"682\" href=\"https:\/\/foodrisk.eu\/wp-content\/uploads\/2022\/04\/Ouverture-1024x682.jpg\"><span data-alt=\"\"><\/span><\/a><\/div><div class=\"rsContent\"><a class=\"rsImg\" data-rsw=\"1024\" data-rsh=\"683\" href=\"https:\/\/foodrisk.eu\/wp-content\/uploads\/2019\/07\/fooevents_conf_483030007-1024x683.jpg\"><span data-alt=\"\"><\/span><\/a><\/div><div class=\"rsContent\"><a class=\"rsImg\" data-rsw=\"300\" data-rsh=\"200\" href=\"https:\/\/foodrisk.eu\/wp-content\/uploads\/2019\/09\/photo.png\"><span data-alt=\"\"><\/span><\/a><\/div><div class=\"rsContent\"><a class=\"rsImg\" data-rsw=\"1024\" data-rsh=\"683\" href=\"https:\/\/foodrisk.eu\/wp-content\/uploads\/2019\/07\/fooevents_conf_501472864-1024x683.jpg\"><span data-alt=\"\"><\/span><\/a><\/div><div class=\"rsContent\"><a class=\"rsImg\" data-rsw=\"1024\" data-rsh=\"641\" href=\"https:\/\/foodrisk.eu\/wp-content\/uploads\/2025\/10\/centrecongres-1024x641.jpg\"><span data-alt=\"\"><\/span><\/a><\/div><div class=\"rsContent\"><a class=\"rsImg\" data-rsw=\"1024\" data-rsh=\"595\" href=\"https:\/\/foodrisk.eu\/wp-content\/uploads\/2025\/10\/palaiscongres-1024x595.png\"><span data-alt=\"\"><\/span><\/a><\/div><div class=\"rsContent\"><a class=\"rsImg\" data-rsw=\"900\" data-rsh=\"600\" href=\"https:\/\/foodrisk.eu\/wp-content\/uploads\/2025\/10\/congres.jpg\"><span data-alt=\"\"><\/span><\/a><\/div><\/div><img decoding=\"async\" src=\"https:\/\/foodrisk.eu\/wp-content\/uploads\/2025\/10\/badge-foodrisk2026-ls.png\" width=\"900\" height=\"630\" alt loading=\"lazy\"><\/div><div class=\"w-slider-json\" onclick='return {&quot;autoScaleSlider&quot;:true,&quot;addActiveClass&quot;:true,&quot;loop&quot;:true,&quot;fadeInLoadedSlide&quot;:false,&quot;slidesSpacing&quot;:0,&quot;imageScalePadding&quot;:0,&quot;numImagesToPreload&quot;:2,&quot;arrowsNav&quot;:true,&quot;arrowsNavAutoHide&quot;:false,&quot;transitionType&quot;:&quot;move&quot;,&quot;transitionSpeed&quot;:250,&quot;block&quot;:{&quot;moveEffect&quot;:&quot;none&quot;,&quot;speed&quot;:300},&quot;thumbs&quot;:{&quot;fitInViewport&quot;:false,&quot;firstMargin&quot;:false,&quot;spacing&quot;:4},&quot;controlNavigation&quot;:&quot;none&quot;,&quot;autoScaleSliderWidth&quot;:900,&quot;autoScaleSliderHeight&quot;:630}'><\/div><\/div><\/div><\/div><\/div><div class=\"vc_col-sm-6 wpb_column vc_column_container\"><div class=\"vc_column-inner us_custom_4843b6e2\"><div class=\"wpb_wrapper\"><div class=\"wpb_text_column us_custom_ae90df7d\"><div class=\"wpb_wrapper\"><h3 style=\"text-align: left;\"><strong><span style=\"font-size: 1.8rem;\">PASS FOOD RISK<\/span><\/strong> 2026 5 JUNE<\/h3>\n<\/div><\/div><div class=\"w-separator hide_on_default hide_on_laptops hide_on_tablets size_custom\" style=\"height:12px\"><\/div><div class=\"w-separator hide_on_mobiles size_custom\" style=\"height:6px\"><\/div><div class=\"w-iconbox us_custom_01e33e06 has_text_color iconpos_left style_default color_secondary align_left no_text\"><div class=\"w-iconbox-icon\" style=\"font-size:1.1rem;\"><i class=\"fas fa-star\"><\/i><\/div><div class=\"w-iconbox-meta\"><p class=\"w-iconbox-title\" style=\"font-size:1.2em;\">1 day of talks<\/p><\/div><\/div><div class=\"w-iconbox us_custom_015b44a4 has_text_color iconpos_left style_default color_secondary align_left no_text\"><div class=\"w-iconbox-icon\" style=\"font-size:1.1rem;\"><i class=\"fas fa-star\"><\/i><\/div><div class=\"w-iconbox-meta\"><p class=\"w-iconbox-title\" style=\"font-size:1em;\">1 lunch included<\/p><\/div><\/div><div class=\"w-separator hide_on_mobiles size_custom\" style=\"height:12px\"><\/div><div class=\"w-separator hide_on_default hide_on_laptops hide_on_tablets size_custom\" style=\"height:6px\"><\/div><div class=\"w-btn-wrapper align_none\"><a class=\"w-btn us-btn-style_1 us_custom_68709366\" href=\"?add-to-cart=7138\"><span class=\"w-btn-label\">BUY MY PASS FOR \u20ac390 *<\/span><\/a><\/div><div class=\"w-separator hide_on_mobiles size_custom\" style=\"height:8px\"><\/div><div class=\"w-separator hide_on_default hide_on_laptops hide_on_tablets size_custom\" style=\"height:12px\"><\/div><\/div><\/div><\/div><\/div><\/div><\/section>\n","protected":false},"excerpt":{"rendered":"<div class=\"wpb_text_column\">\n<div class=\"wpb_wrapper\">\n<h3><strong>PARTICIPER<\/strong> \u00c0 FOOD RISK 2026<\/h3>\n<\/div>\n<\/div>\n<div class=\"wpb_text_column us_custom_8f584ee7\">\n<div class=\"wpb_wrapper\">\n<div class=\"woocommerce-product-details__short-description\">\n<ul>\n<li>\n<p class=\"\"><span class=\"\">Pr\u00e8s d\u2019une\u00a0<strong>quinzaine de conf\u00e9rences<\/strong>\u00a0sur des th\u00e9matiques vari\u00e9es en lien avec la\u00a0<strong>s\u00e9curit\u00e9 alimentaire<\/strong>\u00a0et\u00a0<strong>l\u2019authenticit\u00e9<\/strong>\u00a0d\u00e9livr\u00e9es par des experts en leur domaine, issus de toute l\u2019Europe.<\/span><\/p>\n<\/li>\n<li>\n<p class=\"\"><span class=\"\">Des\u00a0<strong>tables rondes<\/strong>\u00a0permettant d\u2019\u00e9changer sur les\u00a0<strong>probl\u00e9matiques actuelles et les solutions \u00e0 venir<\/strong>.<\/span><\/p>\n<\/li>\n<\/ul>\n<\/div>\n<\/div>\n<\/div>\n<p>R\u00e9servez d\u00e8s maintenant vos places en ligne. S\u00e9lectionnez votre pack dans le menu d\u00e9roulant ci-dessous et compl\u00e9ter votre inscription, vous serez automatiquement redirig\u00e9 vers le module de paiement s\u00e9curis\u00e9 par notre partenaire Cr\u00e9dit Agricole.<\/p>\n","protected":false},"author":178,"featured_media":6040,"template":"","meta":[],"product_brand":[],"product_cat":[29],"product_tag":[],"class_list":{"0":"post-7138","1":"product","2":"type-product","3":"status-publish","4":"has-post-thumbnail","6":"product_cat-symposium","8":"first","9":"instock","10":"taxable","11":"shipping-taxable","12":"purchasable","13":"product-type-simple"},"yoast_head":"<!-- This site is optimized with the Yoast SEO plugin v27.4 - https:\/\/yoast.com\/product\/yoast-seo-wordpress\/ -->\n<title>FOOD RISK 2026 - PASS 5 JUNE | FOOD Risk<\/title>\n<meta name=\"robots\" content=\"index, follow, max-snippet:-1, max-image-preview:large, max-video-preview:-1\" \/>\n<link rel=\"canonical\" href=\"https:\/\/foodrisk.eu\/en\/pass\/food-risk-2026-pass-5-june\/\" \/>\n<meta property=\"og:locale\" content=\"en_US\" \/>\n<meta property=\"og:type\" content=\"article\" \/>\n<meta property=\"og:title\" content=\"FOOD RISK 2026 - PASS 5 JUNE | FOOD Risk\" \/>\n<meta property=\"og:description\" content=\"PARTICIPER \u00c0 FOOD RISK 2026         Pr\u00e8s d\u2019une\u00a0quinzaine de conf\u00e9rences\u00a0sur des th\u00e9matiques vari\u00e9es en lien avec la\u00a0s\u00e9curit\u00e9 alimentaire\u00a0et\u00a0l\u2019authenticit\u00e9\u00a0d\u00e9livr\u00e9es par des experts en leur domaine, issus de toute l\u2019Europe.    Des\u00a0tables rondes\u00a0permettant d\u2019\u00e9changer sur les\u00a0probl\u00e9matiques actuelles et les solutions \u00e0 venir.      R\u00e9servez d\u00e8s maintenant vos places en ligne. S\u00e9lectionnez votre pack dans le menu d\u00e9roulant ci-dessous et compl\u00e9ter votre inscription, vous serez automatiquement redirig\u00e9 vers le module de paiement s\u00e9curis\u00e9 par notre partenaire Cr\u00e9dit Agricole.\" \/>\n<meta property=\"og:url\" content=\"https:\/\/foodrisk.eu\/en\/pass\/food-risk-2026-pass-5-june\/\" \/>\n<meta property=\"og:site_name\" content=\"FOOD Risk\" \/>\n<meta property=\"article:publisher\" content=\"https:\/\/www.facebook.com\/laboratoirePHYTOCONTROL\/\" \/>\n<meta property=\"article:modified_time\" content=\"2026-03-18T15:30:51+00:00\" \/>\n<meta property=\"og:image\" content=\"https:\/\/foodrisk.eu\/wp-content\/uploads\/2025\/10\/badge-foodrisk2026-ls.png\" \/>\n\t<meta property=\"og:image:width\" content=\"900\" \/>\n\t<meta property=\"og:image:height\" content=\"630\" \/>\n\t<meta property=\"og:image:type\" content=\"image\/png\" \/>\n<meta name=\"twitter:card\" content=\"summary_large_image\" \/>\n<meta name=\"twitter:site\" content=\"@phytocontrol\" \/>\n<meta name=\"twitter:label1\" content=\"Est. reading time\" \/>\n\t<meta name=\"twitter:data1\" content=\"1 minute\" \/>\n<script type=\"application\/ld+json\" class=\"yoast-schema-graph\">{\"@context\":\"https:\\\/\\\/schema.org\",\"@graph\":[{\"@type\":\"WebPage\",\"@id\":\"https:\\\/\\\/foodrisk.eu\\\/en\\\/pass\\\/food-risk-2026-pass-5-june\\\/\",\"url\":\"https:\\\/\\\/foodrisk.eu\\\/en\\\/pass\\\/food-risk-2026-pass-5-june\\\/\",\"name\":\"FOOD RISK 2026 - PASS 5 JUNE | FOOD Risk\",\"isPartOf\":{\"@id\":\"https:\\\/\\\/foodrisk.eu\\\/en\\\/#website\"},\"primaryImageOfPage\":{\"@id\":\"https:\\\/\\\/foodrisk.eu\\\/en\\\/pass\\\/food-risk-2026-pass-5-june\\\/#primaryimage\"},\"image\":{\"@id\":\"https:\\\/\\\/foodrisk.eu\\\/en\\\/pass\\\/food-risk-2026-pass-5-june\\\/#primaryimage\"},\"thumbnailUrl\":\"https:\\\/\\\/foodrisk.eu\\\/wp-content\\\/uploads\\\/2025\\\/10\\\/badge-foodrisk2026-ls.png\",\"datePublished\":\"2026-03-12T16:30:00+00:00\",\"dateModified\":\"2026-03-18T15:30:51+00:00\",\"breadcrumb\":{\"@id\":\"https:\\\/\\\/foodrisk.eu\\\/en\\\/pass\\\/food-risk-2026-pass-5-june\\\/#breadcrumb\"},\"inLanguage\":\"en-US\",\"potentialAction\":[{\"@type\":\"ReadAction\",\"target\":[\"https:\\\/\\\/foodrisk.eu\\\/en\\\/pass\\\/food-risk-2026-pass-5-june\\\/\"]}]},{\"@type\":\"ImageObject\",\"inLanguage\":\"en-US\",\"@id\":\"https:\\\/\\\/foodrisk.eu\\\/en\\\/pass\\\/food-risk-2026-pass-5-june\\\/#primaryimage\",\"url\":\"https:\\\/\\\/foodrisk.eu\\\/wp-content\\\/uploads\\\/2025\\\/10\\\/badge-foodrisk2026-ls.png\",\"contentUrl\":\"https:\\\/\\\/foodrisk.eu\\\/wp-content\\\/uploads\\\/2025\\\/10\\\/badge-foodrisk2026-ls.png\",\"width\":900,\"height\":630},{\"@type\":\"BreadcrumbList\",\"@id\":\"https:\\\/\\\/foodrisk.eu\\\/en\\\/pass\\\/food-risk-2026-pass-5-june\\\/#breadcrumb\",\"itemListElement\":[{\"@type\":\"ListItem\",\"position\":1,\"name\":\"Accueil\",\"item\":\"https:\\\/\\\/foodrisk.eu\\\/en\\\/\"},{\"@type\":\"ListItem\",\"position\":2,\"name\":\"Products\",\"item\":\"https:\\\/\\\/foodrisk.eu\\\/en\\\/shop\\\/\"},{\"@type\":\"ListItem\",\"position\":3,\"name\":\"FOOD RISK 2026 &#8211; PASS 5 JUNE\"}]},{\"@type\":\"WebSite\",\"@id\":\"https:\\\/\\\/foodrisk.eu\\\/en\\\/#website\",\"url\":\"https:\\\/\\\/foodrisk.eu\\\/en\\\/\",\"name\":\"FOOD Risk\",\"description\":\"Colloque International Safety &amp; Authenticity\",\"publisher\":{\"@id\":\"https:\\\/\\\/foodrisk.eu\\\/en\\\/#organization\"},\"potentialAction\":[{\"@type\":\"SearchAction\",\"target\":{\"@type\":\"EntryPoint\",\"urlTemplate\":\"https:\\\/\\\/foodrisk.eu\\\/en\\\/?s={search_term_string}\"},\"query-input\":{\"@type\":\"PropertyValueSpecification\",\"valueRequired\":true,\"valueName\":\"search_term_string\"}}],\"inLanguage\":\"en-US\"},{\"@type\":\"Organization\",\"@id\":\"https:\\\/\\\/foodrisk.eu\\\/en\\\/#organization\",\"name\":\"Food Risk\",\"url\":\"https:\\\/\\\/foodrisk.eu\\\/en\\\/\",\"logo\":{\"@type\":\"ImageObject\",\"inLanguage\":\"en-US\",\"@id\":\"https:\\\/\\\/foodrisk.eu\\\/en\\\/#\\\/schema\\\/logo\\\/image\\\/\",\"url\":\"https:\\\/\\\/foodrisk.eu\\\/wp-content\\\/uploads\\\/2019\\\/07\\\/logo-FOOD-RISK_01.jpg\",\"contentUrl\":\"https:\\\/\\\/foodrisk.eu\\\/wp-content\\\/uploads\\\/2019\\\/07\\\/logo-FOOD-RISK_01.jpg\",\"width\":1181,\"height\":780,\"caption\":\"Food Risk\"},\"image\":{\"@id\":\"https:\\\/\\\/foodrisk.eu\\\/en\\\/#\\\/schema\\\/logo\\\/image\\\/\"},\"sameAs\":[\"https:\\\/\\\/www.facebook.com\\\/laboratoirePHYTOCONTROL\\\/\",\"https:\\\/\\\/x.com\\\/phytocontrol\",\"https:\\\/\\\/www.instagram.com\\\/phytocontrol\\\/?hl=fr\"]}]}<\/script>\n<!-- \/ Yoast SEO plugin. -->","yoast_head_json":{"title":"FOOD RISK 2026 - PASS 5 JUNE | FOOD Risk","robots":{"index":"index","follow":"follow","max-snippet":"max-snippet:-1","max-image-preview":"max-image-preview:large","max-video-preview":"max-video-preview:-1"},"canonical":"https:\/\/foodrisk.eu\/en\/pass\/food-risk-2026-pass-5-june\/","og_locale":"en_US","og_type":"article","og_title":"FOOD RISK 2026 - PASS 5 JUNE | FOOD Risk","og_description":"PARTICIPER \u00c0 FOOD RISK 2026         Pr\u00e8s d\u2019une\u00a0quinzaine de conf\u00e9rences\u00a0sur des th\u00e9matiques vari\u00e9es en lien avec la\u00a0s\u00e9curit\u00e9 alimentaire\u00a0et\u00a0l\u2019authenticit\u00e9\u00a0d\u00e9livr\u00e9es par des experts en leur domaine, issus de toute l\u2019Europe.    Des\u00a0tables rondes\u00a0permettant d\u2019\u00e9changer sur les\u00a0probl\u00e9matiques actuelles et les solutions \u00e0 venir.      R\u00e9servez d\u00e8s maintenant vos places en ligne. S\u00e9lectionnez votre pack dans le menu d\u00e9roulant ci-dessous et compl\u00e9ter votre inscription, vous serez automatiquement redirig\u00e9 vers le module de paiement s\u00e9curis\u00e9 par notre partenaire Cr\u00e9dit Agricole.","og_url":"https:\/\/foodrisk.eu\/en\/pass\/food-risk-2026-pass-5-june\/","og_site_name":"FOOD Risk","article_publisher":"https:\/\/www.facebook.com\/laboratoirePHYTOCONTROL\/","article_modified_time":"2026-03-18T15:30:51+00:00","og_image":[{"width":900,"height":630,"url":"https:\/\/foodrisk.eu\/wp-content\/uploads\/2025\/10\/badge-foodrisk2026-ls.png","type":"image\/png"}],"twitter_card":"summary_large_image","twitter_site":"@phytocontrol","twitter_misc":{"Est. reading time":"1 minute"},"schema":{"@context":"https:\/\/schema.org","@graph":[{"@type":"WebPage","@id":"https:\/\/foodrisk.eu\/en\/pass\/food-risk-2026-pass-5-june\/","url":"https:\/\/foodrisk.eu\/en\/pass\/food-risk-2026-pass-5-june\/","name":"FOOD RISK 2026 - PASS 5 JUNE | FOOD Risk","isPartOf":{"@id":"https:\/\/foodrisk.eu\/en\/#website"},"primaryImageOfPage":{"@id":"https:\/\/foodrisk.eu\/en\/pass\/food-risk-2026-pass-5-june\/#primaryimage"},"image":{"@id":"https:\/\/foodrisk.eu\/en\/pass\/food-risk-2026-pass-5-june\/#primaryimage"},"thumbnailUrl":"https:\/\/foodrisk.eu\/wp-content\/uploads\/2025\/10\/badge-foodrisk2026-ls.png","datePublished":"2026-03-12T16:30:00+00:00","dateModified":"2026-03-18T15:30:51+00:00","breadcrumb":{"@id":"https:\/\/foodrisk.eu\/en\/pass\/food-risk-2026-pass-5-june\/#breadcrumb"},"inLanguage":"en-US","potentialAction":[{"@type":"ReadAction","target":["https:\/\/foodrisk.eu\/en\/pass\/food-risk-2026-pass-5-june\/"]}]},{"@type":"ImageObject","inLanguage":"en-US","@id":"https:\/\/foodrisk.eu\/en\/pass\/food-risk-2026-pass-5-june\/#primaryimage","url":"https:\/\/foodrisk.eu\/wp-content\/uploads\/2025\/10\/badge-foodrisk2026-ls.png","contentUrl":"https:\/\/foodrisk.eu\/wp-content\/uploads\/2025\/10\/badge-foodrisk2026-ls.png","width":900,"height":630},{"@type":"BreadcrumbList","@id":"https:\/\/foodrisk.eu\/en\/pass\/food-risk-2026-pass-5-june\/#breadcrumb","itemListElement":[{"@type":"ListItem","position":1,"name":"Accueil","item":"https:\/\/foodrisk.eu\/en\/"},{"@type":"ListItem","position":2,"name":"Products","item":"https:\/\/foodrisk.eu\/en\/shop\/"},{"@type":"ListItem","position":3,"name":"FOOD RISK 2026 &#8211; PASS 5 JUNE"}]},{"@type":"WebSite","@id":"https:\/\/foodrisk.eu\/en\/#website","url":"https:\/\/foodrisk.eu\/en\/","name":"FOOD Risk","description":"Colloque International Safety &amp; Authenticity","publisher":{"@id":"https:\/\/foodrisk.eu\/en\/#organization"},"potentialAction":[{"@type":"SearchAction","target":{"@type":"EntryPoint","urlTemplate":"https:\/\/foodrisk.eu\/en\/?s={search_term_string}"},"query-input":{"@type":"PropertyValueSpecification","valueRequired":true,"valueName":"search_term_string"}}],"inLanguage":"en-US"},{"@type":"Organization","@id":"https:\/\/foodrisk.eu\/en\/#organization","name":"Food Risk","url":"https:\/\/foodrisk.eu\/en\/","logo":{"@type":"ImageObject","inLanguage":"en-US","@id":"https:\/\/foodrisk.eu\/en\/#\/schema\/logo\/image\/","url":"https:\/\/foodrisk.eu\/wp-content\/uploads\/2019\/07\/logo-FOOD-RISK_01.jpg","contentUrl":"https:\/\/foodrisk.eu\/wp-content\/uploads\/2019\/07\/logo-FOOD-RISK_01.jpg","width":1181,"height":780,"caption":"Food Risk"},"image":{"@id":"https:\/\/foodrisk.eu\/en\/#\/schema\/logo\/image\/"},"sameAs":["https:\/\/www.facebook.com\/laboratoirePHYTOCONTROL\/","https:\/\/x.com\/phytocontrol","https:\/\/www.instagram.com\/phytocontrol\/?hl=fr"]}]}},"_links":{"self":[{"href":"https:\/\/foodrisk.eu\/en\/wp-json\/wp\/v2\/product\/7138","targetHints":{"allow":["GET"]}}],"collection":[{"href":"https:\/\/foodrisk.eu\/en\/wp-json\/wp\/v2\/product"}],"about":[{"href":"https:\/\/foodrisk.eu\/en\/wp-json\/wp\/v2\/types\/product"}],"author":[{"embeddable":true,"href":"https:\/\/foodrisk.eu\/en\/wp-json\/wp\/v2\/users\/178"}],"wp:featuredmedia":[{"embeddable":true,"href":"https:\/\/foodrisk.eu\/en\/wp-json\/wp\/v2\/media\/6040"}],"wp:attachment":[{"href":"https:\/\/foodrisk.eu\/en\/wp-json\/wp\/v2\/media?parent=7138"}],"wp:term":[{"taxonomy":"product_brand","embeddable":true,"href":"https:\/\/foodrisk.eu\/en\/wp-json\/wp\/v2\/product_brand?post=7138"},{"taxonomy":"product_cat","embeddable":true,"href":"https:\/\/foodrisk.eu\/en\/wp-json\/wp\/v2\/product_cat?post=7138"},{"taxonomy":"product_tag","embeddable":true,"href":"https:\/\/foodrisk.eu\/en\/wp-json\/wp\/v2\/product_tag?post=7138"}],"curies":[{"name":"wp","href":"https:\/\/api.w.org\/{rel}","templated":true}]}}